{"id":199,"date":"2023-11-28T08:40:37","date_gmt":"2023-11-28T07:40:37","guid":{"rendered":"http:\/\/10.255.245.40\/intermst-2023\/?page_id=199"},"modified":"2025-02-14T10:41:44","modified_gmt":"2025-02-14T09:41:44","slug":"committees","status":"publish","type":"page","link":"https:\/\/intermst2025.kit.lukasiewicz.gov.pl\/?page_id=199","title":{"rendered":"COMMITTEES"},"content":{"rendered":"\n<p><strong><span style=\"color: var(--theme-palette-color-2, #000000);\" class=\"stk-highlight\">Organizing Co-Chair:<\/span><\/strong> <strong><span style=\"color: var(--theme-palette-color-4, #44d705);\" class=\"stk-highlight\">mgr in\u017c. Mirella Kluza<\/span><\/strong><\/p>\n\n\n\n<p><strong><span style=\"color: var(--theme-palette-color-2, #000000);\" class=\"stk-highlight\">Scientific Co-Chair:<\/span> <\/strong><span style=\"color: var(--theme-palette-color-4, #44d705);\" class=\"stk-highlight\"><strong>dr hab. in\u017c. Tomasz Dudziak<\/strong><\/span><\/p>\n\n\n\n<p><strong><span style=\"color: var(--theme-palette-color-2, #000000);\" class=\"stk-highlight\">Chair:<\/span><\/strong> <strong><span style=\"color: var(--theme-palette-color-4, #44d705);\" class=\"stk-highlight\">dr hab. in\u017c. Damian G\u0105siorek, prof. P\u015a<\/span><\/strong><\/p>\n\n\n\n<div class=\"wp-block-stackable-divider stk-block-divider stk-block stk-29473e8\" data-block-id=\"29473e8\"><style>.stk-29473e8 hr.stk-block-divider__hr{width:100% !important}<\/style><hr class=\"stk-block-divider__hr\"\/><\/div>\n\n\n\n<p><strong>Organizing Committee<\/strong>:<\/p>\n\n\n\n<ul class=\"wp-block-list\">\n<li>mgr in\u017c. Adam Bitka<\/li>\n\n\n\n<li>mgr in\u017c. Aneta \u0141\u0119tocha<\/li>\n\n\n\n<li>mgr in\u017c. Filip Kateusz<\/li>\n\n\n\n<li>mgr in\u017c. Grzegorz Bruzda<\/li>\n\n\n\n<li>mgr in\u017c. Grzegorz Nowak<\/li>\n\n\n\n<li>mgr in\u017c. Joanna Bia\u0142o\u0144<\/li>\n\n\n\n<li>mgr in\u017c. Kamil Olesz<\/li>\n\n\n\n<li>mgr Karolina Charzewska<\/li>\n\n\n\n<li>mgr Karolina Kadela<\/li>\n\n\n\n<li>mgr in\u017c. Kinga Momot<\/li>\n\n\n\n<li>mgr in\u017c. Klaudyna Grzela<\/li>\n\n\n\n<li>mgr in\u017c. Konrad Chrzan<\/li>\n\n\n\n<li>mgr in\u017c. Maciej Mysi\u0144ski<\/li>\n\n\n\n<li>mgr in\u017c. Marcin Ma\u0142ysza<\/li>\n\n\n\n<li>mgr in\u017c. Mariusz Sobiech<\/li>\n<\/ul>\n\n\n\n<div class=\"wp-block-stackable-divider stk-block-divider stk-block stk-b26e9cb\" data-block-id=\"b26e9cb\"><style>.stk-b26e9cb hr.stk-block-divider__hr{width:100% !important}<\/style><hr class=\"stk-block-divider__hr\"\/><\/div>\n\n\n\n<p><strong>Scientific Committee:<\/strong><\/p>\n\n\n\n<ul class=\"wp-block-list\">\n<li>dr in\u017c. Andrzej Stwora<\/li>\n\n\n\n<li>dr Anna G\u00f3rska \u2013 Ratusznik&nbsp;<\/li>\n\n\n\n<li>dr Barbara Pucelik<\/li>\n\n\n\n<li>dr hab. in\u017c. Daniel Tobo\u0142a<\/li>\n\n\n\n<li>dr hab. in\u017c. Dorota Wilk \u2013 Ko\u0142odziejczyk&nbsp;<\/li>\n\n\n\n<li>dr in\u017c. Grzegorz Skrabalak<\/li>\n\n\n\n<li>dr in\u017c. Ilona Karpiel<\/li>\n\n\n\n<li>dr in\u017c. Jaros\u0142aw Frydel<\/li>\n\n\n\n<li>dr in\u017c. J\u0119drzej Pi\u0105tek&nbsp;<\/li>\n\n\n\n<li>dr in\u017c. Ma\u0142gorzata Grudzie\u0144\u2013Rakoczy&nbsp;<\/li>\n\n\n\n<li>dr in\u017c. Miros\u0142awa Stelengowska<\/li>\n\n\n\n<li>dr hab. in\u017c. Piotr Klimczyk&nbsp;<\/li>\n\n\n\n<li>dr in\u017c. Robert \u017buczek<\/li>\n\n\n\n<li>dr in\u017c. Wojciech Polkowski&nbsp;<\/li>\n<\/ul>\n\n\n\n<div class=\"wp-block-stackable-divider stk-block-divider stk-block stk-e940218\" data-block-id=\"e940218\"><style>.stk-e940218 hr.stk-block-divider__hr{width:100% !important}<\/style><hr class=\"stk-block-divider__hr\"\/><\/div>\n\n\n\n<p><strong>International Scientific Committee<\/strong>:<\/p>\n\n\n\n<ul class=\"wp-block-list\">\n<li>Dr hab. in\u017c. Damian G\u0105siorek, prof. P\u015a, Silesian University of Technology<\/li>\n\n\n\n<li>Prof. Vinicius Karlinski de Barcellos \u2013 Universidade Federal do Rio Grande do Sul, Basil<\/li>\n\n\n\n<li>Dr Donatella Giuranno \u2013 CNR-ICMATE, Italy<\/li>\n\n\n\n<li>Dr hab. in\u017c. Tomasz Dudziak\u00a0\u2013 \u0141ukasiewicz Research Network \u2013 Krakow Institute of Technology, Poland<\/li>\n\n\n\n<li>Prof. Tomasz Liskiewicz \u2013 Manchester metropolitan University, UK<\/li>\n\n\n\n<li>Florian H\u00e4slich, Fraunhofer IFAM Dresden, Deutschland<\/li>\n\n\n\n<li>Prof. Fernado Pedraza Diaz, La Rochelle University, France<\/li>\n\n\n\n<li>Prof. Nazim Babacan, Sivas University of Science and Technology, T\u00fcrkiye<\/li>\n<\/ul>\n","protected":false},"excerpt":{"rendered":"<p>Organizing Co-Chair: mgr in\u017c. Mirella Kluza Scientific Co-Chair: dr hab. in\u017c. Tomasz Dudziak Chair: dr hab. in\u017c. Damian G\u0105siorek, prof. P\u015a Organizing Committee: Scientific Committee: International Scientific Committee:<\/p>\n","protected":false},"author":1,"featured_media":0,"parent":0,"menu_order":0,"comment_status":"closed","ping_status":"closed","template":"","meta":{"footnotes":""},"class_list":["post-199","page","type-page","status-publish","hentry"],"blocksy_meta":{"page_structure_type":"default","background":{"desktop":{"background_type":"color","background_pattern":"type-1","background_image":{"attachment_id":null,"x":0,"y":0},"gradient":"linear-gradient(135deg,rgba(6,147,227,1) 0%,rgb(155,81,224) 100%)","background_repeat":"repeat","background_size":"auto","background_attachment":"scroll","patternColor":{"default":{"color":"#e5e7ea"}},"overlayColor":{"default":{"color":"CT_CSS_SKIP_RULE"}},"backgroundColor":{"default":{"color":"var(--theme-palette-color-6)"}}},"tablet":{"background_type":"color","background_pattern":"type-1","background_image":{"attachment_id":null,"x":0,"y":0},"gradient":"linear-gradient(135deg,rgba(6,147,227,1) 0%,rgb(155,81,224) 100%)","background_repeat":"repeat","background_size":"auto","background_attachment":"scroll","patternColor":{"default":{"color":"#e5e7ea"}},"overlayColor":{"default":{"color":"CT_CSS_SKIP_RULE"}},"backgroundColor":{"default":{"color":"var(--theme-palette-color-6)"}}},"mobile":{"background_type":"color","background_pattern":"type-1","background_image":{"attachment_id":null,"x":0,"y":0},"gradient":"linear-gradient(135deg,rgba(6,147,227,1) 0%,rgb(155,81,224) 100%)","background_repeat":"repeat","background_size":"auto","background_attachment":"scroll","patternColor":{"default":{"color":"#e5e7ea"}},"overlayColor":{"default":{"color":"CT_CSS_SKIP_RULE"}},"backgroundColor":{"default":{"color":"var(--theme-palette-color-6)"}}}},"styles_descriptor":{"styles":{"desktop":"[data-prefix=\"single_page\"] {background-color:var(--theme-palette-color-6);background-image:none;}","tablet":"","mobile":""},"google_fonts":[],"version":6}},"_links":{"self":[{"href":"https:\/\/intermst2025.kit.lukasiewicz.gov.pl\/index.php?rest_route=\/wp\/v2\/pages\/199","targetHints":{"allow":["GET"]}}],"collection":[{"href":"https:\/\/intermst2025.kit.lukasiewicz.gov.pl\/index.php?rest_route=\/wp\/v2\/pages"}],"about":[{"href":"https:\/\/intermst2025.kit.lukasiewicz.gov.pl\/index.php?rest_route=\/wp\/v2\/types\/page"}],"author":[{"embeddable":true,"href":"https:\/\/intermst2025.kit.lukasiewicz.gov.pl\/index.php?rest_route=\/wp\/v2\/users\/1"}],"replies":[{"embeddable":true,"href":"https:\/\/intermst2025.kit.lukasiewicz.gov.pl\/index.php?rest_route=%2Fwp%2Fv2%2Fcomments&post=199"}],"version-history":[{"count":39,"href":"https:\/\/intermst2025.kit.lukasiewicz.gov.pl\/index.php?rest_route=\/wp\/v2\/pages\/199\/revisions"}],"predecessor-version":[{"id":893,"href":"https:\/\/intermst2025.kit.lukasiewicz.gov.pl\/index.php?rest_route=\/wp\/v2\/pages\/199\/revisions\/893"}],"wp:attachment":[{"href":"https:\/\/intermst2025.kit.lukasiewicz.gov.pl\/index.php?rest_route=%2Fwp%2Fv2%2Fmedia&parent=199"}],"curies":[{"name":"wp","href":"https:\/\/api.w.org\/{rel}","templated":true}]}}